{"id":299,"date":"2025-09-15T10:06:42","date_gmt":"2025-09-15T10:06:42","guid":{"rendered":"https:\/\/activosycapital.com\/?page_id=299"},"modified":"2025-09-15T13:34:14","modified_gmt":"2025-09-15T12:34:14","slug":"accesibilidad","status":"publish","type":"page","link":"https:\/\/activosycapital.com\/index.php\/accesibilidad\/","title":{"rendered":"Accesibilidad"},"content":{"rendered":"\t\t<div data-elementor-type=\"wp-page\" data-elementor-id=\"299\" class=\"elementor elementor-299\" data-elementor-post-type=\"page\">\n\t\t\t\t<div class=\"elementor-element elementor-element-a9cc519 e-flex e-con-boxed e-con e-parent\" data-id=\"a9cc519\" data-element_type=\"container\" data-e-type=\"container\">\n\t\t\t\t\t<div class=\"e-con-inner\">\n\t\t\t\t<div class=\"elementor-element elementor-element-e01dc77 elementor-widget elementor-widget-text-editor\" data-id=\"e01dc77\" data-element_type=\"widget\" data-e-type=\"widget\" data-widget_type=\"text-editor.default\">\n\t\t\t\t<div class=\"elementor-widget-container\">\n\t\t\t\t\t\t\t\t\t<p>DECLARACI\u00d3N DE ACCESIBILIDAD<br \/>ACTIVOS CAPITAL PATRIMONIO S.L.U con CIF B70695986, con domicilio social en Clavijo,10-1-izqda-06480-Montijo-Badajoz. se compromete a proporcionar un sitio web accesible para una audiencia lo m\u00e1s amplia posible, independientemente de las circunstancias y la capacidad. Nuestro objetivo es cumplir de la manera m\u00e1s cercana posible a las Pautas de Accesibilidad para el Contenido Web (WCAG 2.0, Nivel AA), publicadas por el Consorcio WWW, o seg\u00fan su nombre en ingl\u00e9s, World Wide Web Consortuium (W3C). Estas pautas explican c\u00f3mo lograr que el contenido web sea m\u00e1s accesible para las personas con discapacidad. El cumplimiento de estas pautas ayudar\u00e1 a que el sitio sea m\u00e1s f\u00e1cil de usar y amigable para todos los usuarios.<\/p><p>Si bien ACTIVOS CAPITAL PATRIMONIO S.L.U. se esfuerza por cumplir con las pautas y est\u00e1ndares de accesibilidad, no siempre es posible hacerlo en todas sus \u00e1reas y actualmente estamos trabajando para lograrlo. Ten en cuenta que debido a la naturaleza din\u00e1mica del sitio web, pueden surgir inconvenientes menores, ya que se actualiza con regularidad.<\/p><p>Continuamente buscamos soluciones que lleven todas las \u00e1reas del sitio al mismo nivel de accesibilidad web general.<\/p><p>Si tienes alg\u00fan comentario o sugerencia relacionados con la mejora de la accesibilidad de nuestro sitio, por favor no dudes en contactar a nuestro coordinador de accesibilidad JOSE ROMAN GRECO DELGADO en: contacto@activosycapital.com<\/p><p>Tus comentarios nos ayudar\u00e1n a hacer las mejoras.<\/p>\t\t\t\t\t\t\t\t<\/div>\n\t\t\t\t<\/div>\n\t\t\t\t\t<\/div>\n\t\t\t\t<\/div>\n\t\t\t\t<\/div>\n\t\t","protected":false},"excerpt":{"rendered":"<p>DECLARACI\u00d3N DE ACCESIBILIDADACTIVOS CAPITAL PATRIMONIO S.L.U con CIF B70695986, con domicilio social en Clavijo,10-1-izqda-06480-Montijo-Badajoz. se compromete a proporcionar un sitio web accesible para una audiencia lo m\u00e1s amplia posible, independientemente de las circunstancias y la capacidad. Nuestro objetivo es cumplir de la manera m\u00e1s cercana posible a las Pautas de Accesibilidad para el Contenido Web [&hellip;]<\/p>\n","protected":false},"author":1,"featured_media":0,"parent":0,"menu_order":14,"comment_status":"closed","ping_status":"closed","template":"","meta":{"footnotes":""},"class_list":["post-299","page","type-page","status-publish","hentry"],"yoast_head":"<!-- This site is optimized with the Yoast SEO Premium plugin v25.9 (Yoast SEO v27.3) - https:\/\/yoast.com\/product\/yoast-seo-premium-wordpress\/ -->\n<title>Accesibilidad - ACTIVOS, CAPITAL y PATRIMONIO<\/title>\n<meta name=\"robots\" content=\"index, follow, max-snippet:-1, max-image-preview:large, max-video-preview:-1\" \/>\n<link rel=\"canonical\" href=\"https:\/\/activosycapital.com\/index.php\/accesibilidad\/\" \/>\n<meta property=\"og:locale\" content=\"es_ES\" \/>\n<meta property=\"og:type\" content=\"article\" \/>\n<meta property=\"og:title\" content=\"Accesibilidad\" \/>\n<meta property=\"og:description\" content=\"DECLARACI\u00d3N DE ACCESIBILIDADACTIVOS CAPITAL PATRIMONIO S.L.U con CIF B70695986, con domicilio social en Clavijo,10-1-izqda-06480-Montijo-Badajoz. se compromete a proporcionar un sitio web accesible para una audiencia lo m\u00e1s amplia posible, independientemente de las circunstancias y la capacidad. Nuestro objetivo es cumplir de la manera m\u00e1s cercana posible a las Pautas de Accesibilidad para el Contenido Web [&hellip;]\" \/>\n<meta property=\"og:url\" content=\"https:\/\/activosycapital.com\/index.php\/accesibilidad\/\" \/>\n<meta property=\"og:site_name\" content=\"ACTIVOS, CAPITAL y PATRIMONIO\" \/>\n<meta property=\"article:modified_time\" content=\"2025-09-15T12:34:14+00:00\" \/>\n<meta name=\"twitter:card\" content=\"summary_large_image\" \/>\n<meta name=\"twitter:label1\" content=\"Tiempo de lectura\" \/>\n\t<meta name=\"twitter:data1\" content=\"2 minutos\" \/>\n<script type=\"application\/ld+json\" class=\"yoast-schema-graph\">{\"@context\":\"https:\\\/\\\/schema.org\",\"@graph\":[{\"@type\":\"WebPage\",\"@id\":\"https:\\\/\\\/activosycapital.com\\\/index.php\\\/accesibilidad\\\/\",\"url\":\"https:\\\/\\\/activosycapital.com\\\/index.php\\\/accesibilidad\\\/\",\"name\":\"Accesibilidad - ACTIVOS, CAPITAL y PATRIMONIO\",\"isPartOf\":{\"@id\":\"https:\\\/\\\/activosycapital.com\\\/#website\"},\"datePublished\":\"2025-09-15T10:06:42+00:00\",\"dateModified\":\"2025-09-15T12:34:14+00:00\",\"breadcrumb\":{\"@id\":\"https:\\\/\\\/activosycapital.com\\\/index.php\\\/accesibilidad\\\/#breadcrumb\"},\"inLanguage\":\"es\",\"potentialAction\":[{\"@type\":\"ReadAction\",\"target\":[\"https:\\\/\\\/activosycapital.com\\\/index.php\\\/accesibilidad\\\/\"]}]},{\"@type\":\"BreadcrumbList\",\"@id\":\"https:\\\/\\\/activosycapital.com\\\/index.php\\\/accesibilidad\\\/#breadcrumb\",\"itemListElement\":[{\"@type\":\"ListItem\",\"position\":1,\"name\":\"Portada\",\"item\":\"https:\\\/\\\/activosycapital.com\\\/\"},{\"@type\":\"ListItem\",\"position\":2,\"name\":\"Accesibilidad\"}]},{\"@type\":\"WebSite\",\"@id\":\"https:\\\/\\\/activosycapital.com\\\/#website\",\"url\":\"https:\\\/\\\/activosycapital.com\\\/\",\"name\":\"ACTIVOS, CAPITAL y PATRIMONIO\",\"description\":\"\",\"publisher\":{\"@id\":\"https:\\\/\\\/activosycapital.com\\\/#organization\"},\"potentialAction\":[{\"@type\":\"SearchAction\",\"target\":{\"@type\":\"EntryPoint\",\"urlTemplate\":\"https:\\\/\\\/activosycapital.com\\\/?s={search_term_string}\"},\"query-input\":{\"@type\":\"PropertyValueSpecification\",\"valueRequired\":true,\"valueName\":\"search_term_string\"}}],\"inLanguage\":\"es\"},{\"@type\":\"Organization\",\"@id\":\"https:\\\/\\\/activosycapital.com\\\/#organization\",\"name\":\"ACTIVOS, CAPITAL y PATRIMONIO\",\"url\":\"https:\\\/\\\/activosycapital.com\\\/\",\"logo\":{\"@type\":\"ImageObject\",\"inLanguage\":\"es\",\"@id\":\"https:\\\/\\\/activosycapital.com\\\/#\\\/schema\\\/logo\\\/image\\\/\",\"url\":\"https:\\\/\\\/activosycapital.com\\\/wp-content\\\/uploads\\\/2025\\\/07\\\/LOGOTIPO-DEFINITIVO.png\",\"contentUrl\":\"https:\\\/\\\/activosycapital.com\\\/wp-content\\\/uploads\\\/2025\\\/07\\\/LOGOTIPO-DEFINITIVO.png\",\"width\":175,\"height\":65,\"caption\":\"ACTIVOS, CAPITAL y PATRIMONIO\"},\"image\":{\"@id\":\"https:\\\/\\\/activosycapital.com\\\/#\\\/schema\\\/logo\\\/image\\\/\"}}]}<\/script>\n<!-- \/ Yoast SEO Premium plugin. -->","yoast_head_json":{"title":"Accesibilidad - ACTIVOS, CAPITAL y PATRIMONIO","robots":{"index":"index","follow":"follow","max-snippet":"max-snippet:-1","max-image-preview":"max-image-preview:large","max-video-preview":"max-video-preview:-1"},"canonical":"https:\/\/activosycapital.com\/index.php\/accesibilidad\/","og_locale":"es_ES","og_type":"article","og_title":"Accesibilidad","og_description":"DECLARACI\u00d3N DE ACCESIBILIDADACTIVOS CAPITAL PATRIMONIO S.L.U con CIF B70695986, con domicilio social en Clavijo,10-1-izqda-06480-Montijo-Badajoz. se compromete a proporcionar un sitio web accesible para una audiencia lo m\u00e1s amplia posible, independientemente de las circunstancias y la capacidad. Nuestro objetivo es cumplir de la manera m\u00e1s cercana posible a las Pautas de Accesibilidad para el Contenido Web [&hellip;]","og_url":"https:\/\/activosycapital.com\/index.php\/accesibilidad\/","og_site_name":"ACTIVOS, CAPITAL y PATRIMONIO","article_modified_time":"2025-09-15T12:34:14+00:00","twitter_card":"summary_large_image","twitter_misc":{"Tiempo de lectura":"2 minutos"},"schema":{"@context":"https:\/\/schema.org","@graph":[{"@type":"WebPage","@id":"https:\/\/activosycapital.com\/index.php\/accesibilidad\/","url":"https:\/\/activosycapital.com\/index.php\/accesibilidad\/","name":"Accesibilidad - ACTIVOS, CAPITAL y PATRIMONIO","isPartOf":{"@id":"https:\/\/activosycapital.com\/#website"},"datePublished":"2025-09-15T10:06:42+00:00","dateModified":"2025-09-15T12:34:14+00:00","breadcrumb":{"@id":"https:\/\/activosycapital.com\/index.php\/accesibilidad\/#breadcrumb"},"inLanguage":"es","potentialAction":[{"@type":"ReadAction","target":["https:\/\/activosycapital.com\/index.php\/accesibilidad\/"]}]},{"@type":"BreadcrumbList","@id":"https:\/\/activosycapital.com\/index.php\/accesibilidad\/#breadcrumb","itemListElement":[{"@type":"ListItem","position":1,"name":"Portada","item":"https:\/\/activosycapital.com\/"},{"@type":"ListItem","position":2,"name":"Accesibilidad"}]},{"@type":"WebSite","@id":"https:\/\/activosycapital.com\/#website","url":"https:\/\/activosycapital.com\/","name":"ACTIVOS, CAPITAL y PATRIMONIO","description":"","publisher":{"@id":"https:\/\/activosycapital.com\/#organization"},"potentialAction":[{"@type":"SearchAction","target":{"@type":"EntryPoint","urlTemplate":"https:\/\/activosycapital.com\/?s={search_term_string}"},"query-input":{"@type":"PropertyValueSpecification","valueRequired":true,"valueName":"search_term_string"}}],"inLanguage":"es"},{"@type":"Organization","@id":"https:\/\/activosycapital.com\/#organization","name":"ACTIVOS, CAPITAL y PATRIMONIO","url":"https:\/\/activosycapital.com\/","logo":{"@type":"ImageObject","inLanguage":"es","@id":"https:\/\/activosycapital.com\/#\/schema\/logo\/image\/","url":"https:\/\/activosycapital.com\/wp-content\/uploads\/2025\/07\/LOGOTIPO-DEFINITIVO.png","contentUrl":"https:\/\/activosycapital.com\/wp-content\/uploads\/2025\/07\/LOGOTIPO-DEFINITIVO.png","width":175,"height":65,"caption":"ACTIVOS, CAPITAL y PATRIMONIO"},"image":{"@id":"https:\/\/activosycapital.com\/#\/schema\/logo\/image\/"}}]}},"_links":{"self":[{"href":"https:\/\/activosycapital.com\/index.php\/wp-json\/wp\/v2\/pages\/299","targetHints":{"allow":["GET"]}}],"collection":[{"href":"https:\/\/activosycapital.com\/index.php\/wp-json\/wp\/v2\/pages"}],"about":[{"href":"https:\/\/activosycapital.com\/index.php\/wp-json\/wp\/v2\/types\/page"}],"author":[{"embeddable":true,"href":"https:\/\/activosycapital.com\/index.php\/wp-json\/wp\/v2\/users\/1"}],"replies":[{"embeddable":true,"href":"https:\/\/activosycapital.com\/index.php\/wp-json\/wp\/v2\/comments?post=299"}],"version-history":[{"count":6,"href":"https:\/\/activosycapital.com\/index.php\/wp-json\/wp\/v2\/pages\/299\/revisions"}],"predecessor-version":[{"id":305,"href":"https:\/\/activosycapital.com\/index.php\/wp-json\/wp\/v2\/pages\/299\/revisions\/305"}],"wp:attachment":[{"href":"https:\/\/activosycapital.com\/index.php\/wp-json\/wp\/v2\/media?parent=299"}],"curies":[{"name":"wp","href":"https:\/\/api.w.org\/{rel}","templated":true}]}}