{"id":72,"date":"2025-06-20T11:40:49","date_gmt":"2025-06-20T11:40:49","guid":{"rendered":"https:\/\/activosycapital.com\/?page_id=72"},"modified":"2025-10-16T16:21:11","modified_gmt":"2025-10-16T15:21:11","slug":"activos-en-gestion-directa","status":"publish","type":"page","link":"https:\/\/activosycapital.com\/index.php\/activos-en-gestion-directa\/","title":{"rendered":"Activos en gesti\u00f3n directa"},"content":{"rendered":"\t\t<div data-elementor-type=\"wp-page\" data-elementor-id=\"72\" class=\"elementor elementor-72\" data-elementor-post-type=\"page\">\n\t\t\t\t<div class=\"elementor-element elementor-element-7dbcec20 e-con-full e-flex e-con e-parent\" data-id=\"7dbcec20\" data-element_type=\"container\" data-e-type=\"container\" data-settings=\"{&quot;background_background&quot;:&quot;classic&quot;}\">\n\t\t\t\t<div class=\"elementor-element elementor-element-5dd42ec9 elementor-widget elementor-widget-heading\" data-id=\"5dd42ec9\" data-element_type=\"widget\" data-e-type=\"widget\" data-widget_type=\"heading.default\">\n\t\t\t\t<div class=\"elementor-widget-container\">\n\t\t\t\t\t<h1 class=\"elementor-heading-title elementor-size-default\">ACTIVOS EN GESTI\u00d3N DIRECTA<\/h1>\t\t\t\t<\/div>\n\t\t\t\t<\/div>\n\t\t\t\t<\/div>\n\t\t<div class=\"elementor-element elementor-element-14f8ea8a e-flex e-con-boxed e-con e-parent\" data-id=\"14f8ea8a\" data-element_type=\"container\" data-e-type=\"container\">\n\t\t\t\t\t<div class=\"e-con-inner\">\n\t\t\t\t<div class=\"elementor-element elementor-element-636210fc elementor-widget elementor-widget-text-editor\" data-id=\"636210fc\" data-element_type=\"widget\" data-e-type=\"widget\" data-widget_type=\"text-editor.default\">\n\t\t\t\t<div class=\"elementor-widget-container\">\n\t\t\t\t\t\t\t\t\t<h2>Activos en gesti\u00f3n directa<\/h2>\n<p>Se refiere a aquellos bienes o inversiones que son administrados directamente por una entidad, empresa u organismo, sin intermediarios externos. En este tipo de gesti\u00f3n, la organizaci\u00f3n asume de forma directa la responsabilidad de la planificaci\u00f3n, ejecuci\u00f3n, supervisi\u00f3n y control de dichos activos.<\/p>\n<h3>Caracter\u00edsticas principales:<\/h3>\n<p>\u00a0<\/p>\n<p>Control total: La entidad gestiona directamente la operaci\u00f3n, mantenimiento y toma de decisiones sobre el activo.<\/p>\n<p>Mayor responsabilidad: Implica asumir riesgos y beneficios directamente, sin delegar en terceros.<\/p>\n<p>Transparencia y trazabilidad: Al no haber intermediarios, es m\u00e1s sencillo hacer seguimiento de la eficiencia en el uso de los recursos.<\/p>\n<p>Ejemplos comunes: Inmuebles propios administrados internamente, flotas de veh\u00edculos operadas por personal de la empresa, inversiones financieras gestionadas sin asesor\u00eda externa, etc.<\/p>\n<p>Este modelo contrasta con la gesti\u00f3n indirecta, donde terceros (empresas gestoras, concesionarios, asesores) se encargan de la administraci\u00f3n del activo. La elecci\u00f3n entre gesti\u00f3n directa o indirecta depende de factores como la capacidad t\u00e9cnica, los recursos disponibles, el tipo de activo y los objetivos estrat\u00e9gicos de la entidad.<\/p>\t\t\t\t\t\t\t\t<\/div>\n\t\t\t\t<\/div>\n\t\t\t\t\t<\/div>\n\t\t\t\t<\/div>\n\t\t\t\t<\/div>\n\t\t","protected":false},"excerpt":{"rendered":"<p>ACTIVOS EN GESTI\u00d3N DIRECTA Activos en gesti\u00f3n directa Se refiere a aquellos bienes o inversiones que son administrados directamente por una entidad, empresa u organismo, sin intermediarios externos. En este tipo de gesti\u00f3n, la organizaci\u00f3n asume de forma directa la responsabilidad de la planificaci\u00f3n, ejecuci\u00f3n, supervisi\u00f3n y control de dichos activos. Caracter\u00edsticas principales: \u00a0 Control [&hellip;]<\/p>\n","protected":false},"author":1,"featured_media":0,"parent":0,"menu_order":5,"comment_status":"closed","ping_status":"closed","template":"","meta":{"footnotes":""},"class_list":["post-72","page","type-page","status-publish","hentry"],"yoast_head":"<!-- This site is optimized with the Yoast SEO Premium plugin v25.9 (Yoast SEO v27.3) - https:\/\/yoast.com\/product\/yoast-seo-premium-wordpress\/ -->\n<title>Activos en gesti\u00f3n directa - ACTIVOS, CAPITAL y PATRIMONIO<\/title>\n<meta name=\"robots\" content=\"index, follow, max-snippet:-1, max-image-preview:large, max-video-preview:-1\" \/>\n<link rel=\"canonical\" href=\"https:\/\/activosycapital.com\/index.php\/activos-en-gestion-directa\/\" \/>\n<meta property=\"og:locale\" content=\"es_ES\" \/>\n<meta property=\"og:type\" content=\"article\" \/>\n<meta property=\"og:title\" content=\"Activos en gesti\u00f3n directa\" \/>\n<meta property=\"og:description\" content=\"ACTIVOS EN GESTI\u00d3N DIRECTA Activos en gesti\u00f3n directa Se refiere a aquellos bienes o inversiones que son administrados directamente por una entidad, empresa u organismo, sin intermediarios externos. En este tipo de gesti\u00f3n, la organizaci\u00f3n asume de forma directa la responsabilidad de la planificaci\u00f3n, ejecuci\u00f3n, supervisi\u00f3n y control de dichos activos. Caracter\u00edsticas principales: \u00a0 Control [&hellip;]\" \/>\n<meta property=\"og:url\" content=\"https:\/\/activosycapital.com\/index.php\/activos-en-gestion-directa\/\" \/>\n<meta property=\"og:site_name\" content=\"ACTIVOS, CAPITAL y PATRIMONIO\" \/>\n<meta property=\"article:modified_time\" content=\"2025-10-16T15:21:11+00:00\" \/>\n<meta name=\"twitter:card\" content=\"summary_large_image\" \/>\n<meta name=\"twitter:label1\" content=\"Tiempo de lectura\" \/>\n\t<meta name=\"twitter:data1\" content=\"1 minuto\" \/>\n<script type=\"application\/ld+json\" class=\"yoast-schema-graph\">{\"@context\":\"https:\\\/\\\/schema.org\",\"@graph\":[{\"@type\":\"WebPage\",\"@id\":\"https:\\\/\\\/activosycapital.com\\\/index.php\\\/activos-en-gestion-directa\\\/\",\"url\":\"https:\\\/\\\/activosycapital.com\\\/index.php\\\/activos-en-gestion-directa\\\/\",\"name\":\"Activos en gesti\u00f3n directa - ACTIVOS, CAPITAL y PATRIMONIO\",\"isPartOf\":{\"@id\":\"https:\\\/\\\/activosycapital.com\\\/#website\"},\"datePublished\":\"2025-06-20T11:40:49+00:00\",\"dateModified\":\"2025-10-16T15:21:11+00:00\",\"breadcrumb\":{\"@id\":\"https:\\\/\\\/activosycapital.com\\\/index.php\\\/activos-en-gestion-directa\\\/#breadcrumb\"},\"inLanguage\":\"es\",\"potentialAction\":[{\"@type\":\"ReadAction\",\"target\":[\"https:\\\/\\\/activosycapital.com\\\/index.php\\\/activos-en-gestion-directa\\\/\"]}]},{\"@type\":\"BreadcrumbList\",\"@id\":\"https:\\\/\\\/activosycapital.com\\\/index.php\\\/activos-en-gestion-directa\\\/#breadcrumb\",\"itemListElement\":[{\"@type\":\"ListItem\",\"position\":1,\"name\":\"Portada\",\"item\":\"https:\\\/\\\/activosycapital.com\\\/\"},{\"@type\":\"ListItem\",\"position\":2,\"name\":\"Activos en gesti\u00f3n directa\"}]},{\"@type\":\"WebSite\",\"@id\":\"https:\\\/\\\/activosycapital.com\\\/#website\",\"url\":\"https:\\\/\\\/activosycapital.com\\\/\",\"name\":\"ACTIVOS, CAPITAL y PATRIMONIO\",\"description\":\"\",\"publisher\":{\"@id\":\"https:\\\/\\\/activosycapital.com\\\/#organization\"},\"potentialAction\":[{\"@type\":\"SearchAction\",\"target\":{\"@type\":\"EntryPoint\",\"urlTemplate\":\"https:\\\/\\\/activosycapital.com\\\/?s={search_term_string}\"},\"query-input\":{\"@type\":\"PropertyValueSpecification\",\"valueRequired\":true,\"valueName\":\"search_term_string\"}}],\"inLanguage\":\"es\"},{\"@type\":\"Organization\",\"@id\":\"https:\\\/\\\/activosycapital.com\\\/#organization\",\"name\":\"ACTIVOS, CAPITAL y PATRIMONIO\",\"url\":\"https:\\\/\\\/activosycapital.com\\\/\",\"logo\":{\"@type\":\"ImageObject\",\"inLanguage\":\"es\",\"@id\":\"https:\\\/\\\/activosycapital.com\\\/#\\\/schema\\\/logo\\\/image\\\/\",\"url\":\"https:\\\/\\\/activosycapital.com\\\/wp-content\\\/uploads\\\/2025\\\/07\\\/LOGOTIPO-DEFINITIVO.png\",\"contentUrl\":\"https:\\\/\\\/activosycapital.com\\\/wp-content\\\/uploads\\\/2025\\\/07\\\/LOGOTIPO-DEFINITIVO.png\",\"width\":175,\"height\":65,\"caption\":\"ACTIVOS, CAPITAL y PATRIMONIO\"},\"image\":{\"@id\":\"https:\\\/\\\/activosycapital.com\\\/#\\\/schema\\\/logo\\\/image\\\/\"}}]}<\/script>\n<!-- \/ Yoast SEO Premium plugin. -->","yoast_head_json":{"title":"Activos en gesti\u00f3n directa - ACTIVOS, CAPITAL y PATRIMONIO","robots":{"index":"index","follow":"follow","max-snippet":"max-snippet:-1","max-image-preview":"max-image-preview:large","max-video-preview":"max-video-preview:-1"},"canonical":"https:\/\/activosycapital.com\/index.php\/activos-en-gestion-directa\/","og_locale":"es_ES","og_type":"article","og_title":"Activos en gesti\u00f3n directa","og_description":"ACTIVOS EN GESTI\u00d3N DIRECTA Activos en gesti\u00f3n directa Se refiere a aquellos bienes o inversiones que son administrados directamente por una entidad, empresa u organismo, sin intermediarios externos. En este tipo de gesti\u00f3n, la organizaci\u00f3n asume de forma directa la responsabilidad de la planificaci\u00f3n, ejecuci\u00f3n, supervisi\u00f3n y control de dichos activos. Caracter\u00edsticas principales: \u00a0 Control [&hellip;]","og_url":"https:\/\/activosycapital.com\/index.php\/activos-en-gestion-directa\/","og_site_name":"ACTIVOS, CAPITAL y PATRIMONIO","article_modified_time":"2025-10-16T15:21:11+00:00","twitter_card":"summary_large_image","twitter_misc":{"Tiempo de lectura":"1 minuto"},"schema":{"@context":"https:\/\/schema.org","@graph":[{"@type":"WebPage","@id":"https:\/\/activosycapital.com\/index.php\/activos-en-gestion-directa\/","url":"https:\/\/activosycapital.com\/index.php\/activos-en-gestion-directa\/","name":"Activos en gesti\u00f3n directa - ACTIVOS, CAPITAL y PATRIMONIO","isPartOf":{"@id":"https:\/\/activosycapital.com\/#website"},"datePublished":"2025-06-20T11:40:49+00:00","dateModified":"2025-10-16T15:21:11+00:00","breadcrumb":{"@id":"https:\/\/activosycapital.com\/index.php\/activos-en-gestion-directa\/#breadcrumb"},"inLanguage":"es","potentialAction":[{"@type":"ReadAction","target":["https:\/\/activosycapital.com\/index.php\/activos-en-gestion-directa\/"]}]},{"@type":"BreadcrumbList","@id":"https:\/\/activosycapital.com\/index.php\/activos-en-gestion-directa\/#breadcrumb","itemListElement":[{"@type":"ListItem","position":1,"name":"Portada","item":"https:\/\/activosycapital.com\/"},{"@type":"ListItem","position":2,"name":"Activos en gesti\u00f3n directa"}]},{"@type":"WebSite","@id":"https:\/\/activosycapital.com\/#website","url":"https:\/\/activosycapital.com\/","name":"ACTIVOS, CAPITAL y PATRIMONIO","description":"","publisher":{"@id":"https:\/\/activosycapital.com\/#organization"},"potentialAction":[{"@type":"SearchAction","target":{"@type":"EntryPoint","urlTemplate":"https:\/\/activosycapital.com\/?s={search_term_string}"},"query-input":{"@type":"PropertyValueSpecification","valueRequired":true,"valueName":"search_term_string"}}],"inLanguage":"es"},{"@type":"Organization","@id":"https:\/\/activosycapital.com\/#organization","name":"ACTIVOS, CAPITAL y PATRIMONIO","url":"https:\/\/activosycapital.com\/","logo":{"@type":"ImageObject","inLanguage":"es","@id":"https:\/\/activosycapital.com\/#\/schema\/logo\/image\/","url":"https:\/\/activosycapital.com\/wp-content\/uploads\/2025\/07\/LOGOTIPO-DEFINITIVO.png","contentUrl":"https:\/\/activosycapital.com\/wp-content\/uploads\/2025\/07\/LOGOTIPO-DEFINITIVO.png","width":175,"height":65,"caption":"ACTIVOS, CAPITAL y PATRIMONIO"},"image":{"@id":"https:\/\/activosycapital.com\/#\/schema\/logo\/image\/"}}]}},"_links":{"self":[{"href":"https:\/\/activosycapital.com\/index.php\/wp-json\/wp\/v2\/pages\/72","targetHints":{"allow":["GET"]}}],"collection":[{"href":"https:\/\/activosycapital.com\/index.php\/wp-json\/wp\/v2\/pages"}],"about":[{"href":"https:\/\/activosycapital.com\/index.php\/wp-json\/wp\/v2\/types\/page"}],"author":[{"embeddable":true,"href":"https:\/\/activosycapital.com\/index.php\/wp-json\/wp\/v2\/users\/1"}],"replies":[{"embeddable":true,"href":"https:\/\/activosycapital.com\/index.php\/wp-json\/wp\/v2\/comments?post=72"}],"version-history":[{"count":14,"href":"https:\/\/activosycapital.com\/index.php\/wp-json\/wp\/v2\/pages\/72\/revisions"}],"predecessor-version":[{"id":549,"href":"https:\/\/activosycapital.com\/index.php\/wp-json\/wp\/v2\/pages\/72\/revisions\/549"}],"wp:attachment":[{"href":"https:\/\/activosycapital.com\/index.php\/wp-json\/wp\/v2\/media?parent=72"}],"curies":[{"name":"wp","href":"https:\/\/api.w.org\/{rel}","templated":true}]}}