{"id":74,"date":"2025-06-20T11:41:18","date_gmt":"2025-06-20T11:41:18","guid":{"rendered":"https:\/\/activosycapital.com\/?page_id=74"},"modified":"2025-10-16T16:25:37","modified_gmt":"2025-10-16T15:25:37","slug":"activos-en-intermediacion","status":"publish","type":"page","link":"https:\/\/activosycapital.com\/index.php\/activos-en-intermediacion\/","title":{"rendered":"Activos en intermediaci\u00f3n"},"content":{"rendered":"\t\t<div data-elementor-type=\"wp-page\" data-elementor-id=\"74\" class=\"elementor elementor-74\" data-elementor-post-type=\"page\">\n\t\t\t\t<div class=\"elementor-element elementor-element-6b13f83f e-con-full e-flex e-con e-parent\" data-id=\"6b13f83f\" data-element_type=\"container\" data-e-type=\"container\" data-settings=\"{&quot;background_background&quot;:&quot;classic&quot;}\">\n\t\t\t\t<div class=\"elementor-element elementor-element-19fbe331 elementor-widget elementor-widget-heading\" data-id=\"19fbe331\" data-element_type=\"widget\" data-e-type=\"widget\" data-widget_type=\"heading.default\">\n\t\t\t\t<div class=\"elementor-widget-container\">\n\t\t\t\t\t<h1 class=\"elementor-heading-title elementor-size-default\">ACTIVOS EN INTERMEDIACI\u00d3N<\/h1>\t\t\t\t<\/div>\n\t\t\t\t<\/div>\n\t\t\t\t<\/div>\n\t\t<div class=\"elementor-element elementor-element-754f8a85 e-flex e-con-boxed e-con e-parent\" data-id=\"754f8a85\" data-element_type=\"container\" data-e-type=\"container\">\n\t\t\t\t\t<div class=\"e-con-inner\">\n\t\t\t\t<div class=\"elementor-element elementor-element-33ada839 elementor-widget elementor-widget-text-editor\" data-id=\"33ada839\" data-element_type=\"widget\" data-e-type=\"widget\" data-widget_type=\"text-editor.default\">\n\t\t\t\t<div class=\"elementor-widget-container\">\n\t\t\t\t\t\t\t\t\t<p>En contabilidad y finanzas, los activos en intermediaci\u00f3n son aquellos recursos que una entidad (como una empresa financiera, un banco o un corredor) mantiene temporalmente como parte de una operaci\u00f3n de intermediaci\u00f3n entre dos o m\u00e1s partes. No son activos propios de la empresa, sino que est\u00e1n en tr\u00e1nsito o custodia, y se gestionan como parte del proceso de facilitar una transacci\u00f3n entre terceros.<\/p>\n<h2>\u00bfQu\u00e9 significa \u201cintermediaci\u00f3n\u201d?<\/h2>\n<p>La intermediaci\u00f3n implica actuar como puente entre dos partes: por ejemplo, entre un comprador y un vendedor, o entre un prestatario y un inversor. Las entidades que participan en intermediaci\u00f3n lo hacen para facilitar operaciones financieras, cobrando normalmente una comisi\u00f3n o margen.<\/p>\n<p>Ejemplos de activos en intermediaci\u00f3n<br>Fondos de clientes en corredores de bolsa<br>Una casa de bolsa puede tener temporalmente dinero de clientes que est\u00e1 destinado a comprar acciones. Ese dinero es un activo en intermediaci\u00f3n.<br>Valores comprados para ser revendidos<br>Si una entidad compra bonos en nombre de un cliente, los bonos pueden figurar como activos en intermediaci\u00f3n hasta que se complete la operaci\u00f3n.<br>Transferencias en proceso<br>Montos que est\u00e1n en tr\u00e1nsito entre cuentas de clientes o entre instituciones financieras tambi\u00e9n pueden clasificarse como activos en intermediaci\u00f3n.<br><h3>Caracter\u00edsticas clave<\/h3>No pertenecen a la entidad: La empresa no es due\u00f1a de esos activos.<br>Uso temporal: Se mantienen por un periodo breve.<br>Sin impacto patrimonial directo: Generalmente no afectan directamente el balance como activos propios.<\/p>\t\t\t\t\t\t\t\t<\/div>\n\t\t\t\t<\/div>\n\t\t\t\t\t<\/div>\n\t\t\t\t<\/div>\n\t\t\t\t<\/div>\n\t\t","protected":false},"excerpt":{"rendered":"<p>ACTIVOS EN INTERMEDIACI\u00d3N En contabilidad y finanzas, los activos en intermediaci\u00f3n son aquellos recursos que una entidad (como una empresa financiera, un banco o un corredor) mantiene temporalmente como parte de una operaci\u00f3n de intermediaci\u00f3n entre dos o m\u00e1s partes. No son activos propios de la empresa, sino que est\u00e1n en tr\u00e1nsito o custodia, y [&hellip;]<\/p>\n","protected":false},"author":1,"featured_media":0,"parent":0,"menu_order":6,"comment_status":"closed","ping_status":"closed","template":"","meta":{"footnotes":""},"class_list":["post-74","page","type-page","status-publish","hentry"],"yoast_head":"<!-- This site is optimized with the Yoast SEO Premium plugin v25.9 (Yoast SEO v27.3) - https:\/\/yoast.com\/product\/yoast-seo-premium-wordpress\/ -->\n<title>Activos en intermediaci\u00f3n - ACTIVOS, CAPITAL y PATRIMONIO<\/title>\n<meta name=\"robots\" content=\"index, follow, max-snippet:-1, max-image-preview:large, max-video-preview:-1\" \/>\n<link rel=\"canonical\" href=\"https:\/\/activosycapital.com\/index.php\/activos-en-intermediacion\/\" \/>\n<meta property=\"og:locale\" content=\"es_ES\" \/>\n<meta property=\"og:type\" content=\"article\" \/>\n<meta property=\"og:title\" content=\"Activos en intermediaci\u00f3n\" \/>\n<meta property=\"og:description\" content=\"ACTIVOS EN INTERMEDIACI\u00d3N En contabilidad y finanzas, los activos en intermediaci\u00f3n son aquellos recursos que una entidad (como una empresa financiera, un banco o un corredor) mantiene temporalmente como parte de una operaci\u00f3n de intermediaci\u00f3n entre dos o m\u00e1s partes. No son activos propios de la empresa, sino que est\u00e1n en tr\u00e1nsito o custodia, y [&hellip;]\" \/>\n<meta property=\"og:url\" content=\"https:\/\/activosycapital.com\/index.php\/activos-en-intermediacion\/\" \/>\n<meta property=\"og:site_name\" content=\"ACTIVOS, CAPITAL y PATRIMONIO\" \/>\n<meta property=\"article:modified_time\" content=\"2025-10-16T15:25:37+00:00\" \/>\n<meta name=\"twitter:card\" content=\"summary_large_image\" \/>\n<meta name=\"twitter:label1\" content=\"Tiempo de lectura\" \/>\n\t<meta name=\"twitter:data1\" content=\"2 minutos\" \/>\n<script type=\"application\/ld+json\" class=\"yoast-schema-graph\">{\"@context\":\"https:\\\/\\\/schema.org\",\"@graph\":[{\"@type\":\"WebPage\",\"@id\":\"https:\\\/\\\/activosycapital.com\\\/index.php\\\/activos-en-intermediacion\\\/\",\"url\":\"https:\\\/\\\/activosycapital.com\\\/index.php\\\/activos-en-intermediacion\\\/\",\"name\":\"Activos en intermediaci\u00f3n - ACTIVOS, CAPITAL y PATRIMONIO\",\"isPartOf\":{\"@id\":\"https:\\\/\\\/activosycapital.com\\\/#website\"},\"datePublished\":\"2025-06-20T11:41:18+00:00\",\"dateModified\":\"2025-10-16T15:25:37+00:00\",\"breadcrumb\":{\"@id\":\"https:\\\/\\\/activosycapital.com\\\/index.php\\\/activos-en-intermediacion\\\/#breadcrumb\"},\"inLanguage\":\"es\",\"potentialAction\":[{\"@type\":\"ReadAction\",\"target\":[\"https:\\\/\\\/activosycapital.com\\\/index.php\\\/activos-en-intermediacion\\\/\"]}]},{\"@type\":\"BreadcrumbList\",\"@id\":\"https:\\\/\\\/activosycapital.com\\\/index.php\\\/activos-en-intermediacion\\\/#breadcrumb\",\"itemListElement\":[{\"@type\":\"ListItem\",\"position\":1,\"name\":\"Portada\",\"item\":\"https:\\\/\\\/activosycapital.com\\\/\"},{\"@type\":\"ListItem\",\"position\":2,\"name\":\"Activos en intermediaci\u00f3n\"}]},{\"@type\":\"WebSite\",\"@id\":\"https:\\\/\\\/activosycapital.com\\\/#website\",\"url\":\"https:\\\/\\\/activosycapital.com\\\/\",\"name\":\"ACTIVOS, CAPITAL y PATRIMONIO\",\"description\":\"\",\"publisher\":{\"@id\":\"https:\\\/\\\/activosycapital.com\\\/#organization\"},\"potentialAction\":[{\"@type\":\"SearchAction\",\"target\":{\"@type\":\"EntryPoint\",\"urlTemplate\":\"https:\\\/\\\/activosycapital.com\\\/?s={search_term_string}\"},\"query-input\":{\"@type\":\"PropertyValueSpecification\",\"valueRequired\":true,\"valueName\":\"search_term_string\"}}],\"inLanguage\":\"es\"},{\"@type\":\"Organization\",\"@id\":\"https:\\\/\\\/activosycapital.com\\\/#organization\",\"name\":\"ACTIVOS, CAPITAL y PATRIMONIO\",\"url\":\"https:\\\/\\\/activosycapital.com\\\/\",\"logo\":{\"@type\":\"ImageObject\",\"inLanguage\":\"es\",\"@id\":\"https:\\\/\\\/activosycapital.com\\\/#\\\/schema\\\/logo\\\/image\\\/\",\"url\":\"https:\\\/\\\/activosycapital.com\\\/wp-content\\\/uploads\\\/2025\\\/07\\\/LOGOTIPO-DEFINITIVO.png\",\"contentUrl\":\"https:\\\/\\\/activosycapital.com\\\/wp-content\\\/uploads\\\/2025\\\/07\\\/LOGOTIPO-DEFINITIVO.png\",\"width\":175,\"height\":65,\"caption\":\"ACTIVOS, CAPITAL y PATRIMONIO\"},\"image\":{\"@id\":\"https:\\\/\\\/activosycapital.com\\\/#\\\/schema\\\/logo\\\/image\\\/\"}}]}<\/script>\n<!-- \/ Yoast SEO Premium plugin. -->","yoast_head_json":{"title":"Activos en intermediaci\u00f3n - ACTIVOS, CAPITAL y PATRIMONIO","robots":{"index":"index","follow":"follow","max-snippet":"max-snippet:-1","max-image-preview":"max-image-preview:large","max-video-preview":"max-video-preview:-1"},"canonical":"https:\/\/activosycapital.com\/index.php\/activos-en-intermediacion\/","og_locale":"es_ES","og_type":"article","og_title":"Activos en intermediaci\u00f3n","og_description":"ACTIVOS EN INTERMEDIACI\u00d3N En contabilidad y finanzas, los activos en intermediaci\u00f3n son aquellos recursos que una entidad (como una empresa financiera, un banco o un corredor) mantiene temporalmente como parte de una operaci\u00f3n de intermediaci\u00f3n entre dos o m\u00e1s partes. No son activos propios de la empresa, sino que est\u00e1n en tr\u00e1nsito o custodia, y [&hellip;]","og_url":"https:\/\/activosycapital.com\/index.php\/activos-en-intermediacion\/","og_site_name":"ACTIVOS, CAPITAL y PATRIMONIO","article_modified_time":"2025-10-16T15:25:37+00:00","twitter_card":"summary_large_image","twitter_misc":{"Tiempo de lectura":"2 minutos"},"schema":{"@context":"https:\/\/schema.org","@graph":[{"@type":"WebPage","@id":"https:\/\/activosycapital.com\/index.php\/activos-en-intermediacion\/","url":"https:\/\/activosycapital.com\/index.php\/activos-en-intermediacion\/","name":"Activos en intermediaci\u00f3n - ACTIVOS, CAPITAL y PATRIMONIO","isPartOf":{"@id":"https:\/\/activosycapital.com\/#website"},"datePublished":"2025-06-20T11:41:18+00:00","dateModified":"2025-10-16T15:25:37+00:00","breadcrumb":{"@id":"https:\/\/activosycapital.com\/index.php\/activos-en-intermediacion\/#breadcrumb"},"inLanguage":"es","potentialAction":[{"@type":"ReadAction","target":["https:\/\/activosycapital.com\/index.php\/activos-en-intermediacion\/"]}]},{"@type":"BreadcrumbList","@id":"https:\/\/activosycapital.com\/index.php\/activos-en-intermediacion\/#breadcrumb","itemListElement":[{"@type":"ListItem","position":1,"name":"Portada","item":"https:\/\/activosycapital.com\/"},{"@type":"ListItem","position":2,"name":"Activos en intermediaci\u00f3n"}]},{"@type":"WebSite","@id":"https:\/\/activosycapital.com\/#website","url":"https:\/\/activosycapital.com\/","name":"ACTIVOS, CAPITAL y PATRIMONIO","description":"","publisher":{"@id":"https:\/\/activosycapital.com\/#organization"},"potentialAction":[{"@type":"SearchAction","target":{"@type":"EntryPoint","urlTemplate":"https:\/\/activosycapital.com\/?s={search_term_string}"},"query-input":{"@type":"PropertyValueSpecification","valueRequired":true,"valueName":"search_term_string"}}],"inLanguage":"es"},{"@type":"Organization","@id":"https:\/\/activosycapital.com\/#organization","name":"ACTIVOS, CAPITAL y PATRIMONIO","url":"https:\/\/activosycapital.com\/","logo":{"@type":"ImageObject","inLanguage":"es","@id":"https:\/\/activosycapital.com\/#\/schema\/logo\/image\/","url":"https:\/\/activosycapital.com\/wp-content\/uploads\/2025\/07\/LOGOTIPO-DEFINITIVO.png","contentUrl":"https:\/\/activosycapital.com\/wp-content\/uploads\/2025\/07\/LOGOTIPO-DEFINITIVO.png","width":175,"height":65,"caption":"ACTIVOS, CAPITAL y PATRIMONIO"},"image":{"@id":"https:\/\/activosycapital.com\/#\/schema\/logo\/image\/"}}]}},"_links":{"self":[{"href":"https:\/\/activosycapital.com\/index.php\/wp-json\/wp\/v2\/pages\/74","targetHints":{"allow":["GET"]}}],"collection":[{"href":"https:\/\/activosycapital.com\/index.php\/wp-json\/wp\/v2\/pages"}],"about":[{"href":"https:\/\/activosycapital.com\/index.php\/wp-json\/wp\/v2\/types\/page"}],"author":[{"embeddable":true,"href":"https:\/\/activosycapital.com\/index.php\/wp-json\/wp\/v2\/users\/1"}],"replies":[{"embeddable":true,"href":"https:\/\/activosycapital.com\/index.php\/wp-json\/wp\/v2\/comments?post=74"}],"version-history":[{"count":12,"href":"https:\/\/activosycapital.com\/index.php\/wp-json\/wp\/v2\/pages\/74\/revisions"}],"predecessor-version":[{"id":559,"href":"https:\/\/activosycapital.com\/index.php\/wp-json\/wp\/v2\/pages\/74\/revisions\/559"}],"wp:attachment":[{"href":"https:\/\/activosycapital.com\/index.php\/wp-json\/wp\/v2\/media?parent=74"}],"curies":[{"name":"wp","href":"https:\/\/api.w.org\/{rel}","templated":true}]}}